{"id":13952,"date":"2024-07-08T16:52:41","date_gmt":"2024-07-08T14:52:41","guid":{"rendered":"https:\/\/hellofuture.lu\/?page_id=13952"},"modified":"2024-07-08T16:53:56","modified_gmt":"2024-07-08T14:53:56","slug":"temoignages","status":"publish","type":"page","link":"https:\/\/hellofuture.lu\/de\/temoignages\/","title":{"rendered":"Erfahrungsberichte \u201eEis Industrie &#8211; meng Zukunft\u201c"},"content":{"rendered":"<p>Seit 2019 arbeitet die FEDIL mit RTL T\u00e9l\u00e9 L\u00ebtzebuerg zusammen, um die Sendung \u201eEis Industrie &#8211; meng Zukunft\u201c zu produzieren. Dabei handelt es sich um eine Reihe von Videos, in denen jedes Mal ein\/e Jugendliche\/r portr\u00e4tiert wird, der\/die einen technischen Beruf aus\u00fcbt. Im Sinne der HelloFuture-Initiative sollen die Videos technische Berufe in der luxemburgischen Industrie in der breiten \u00d6ffentlichkeit bekannt machen und das Interesse junger Menschen an den vielf\u00e4ltigen Berufen wecken, die in der Industrie dringend ben\u00f6tigt werden.<\/p>\n<p>Alle Videos sind im RTL-Replay abrufbar:<br \/>\n<a href=\"https:\/\/play.rtl.lu\/shows\/lb\/eis-industrie-meng-zukunft\/episodes\" target=\"_blank\" rel=\"noopener\">https:\/\/play.rtl.lu\/shows\/lb\/eis-industrie-meng-zukunft\/episodes<\/a><\/p>\n<p>&nbsp;<\/p>\n<p><img loading=\"lazy\" decoding=\"async\" class=\"alignnone wp-image-14013 \" src=\"https:\/\/hellofuture.lu\/wp-content\/uploads\/2024\/07\/Capture-decran-2024-07-01-a-16.24.06.png\" alt=\"\" width=\"901\" height=\"376\" \/><\/p>","protected":false},"excerpt":{"rendered":"<p>Seit 2019 arbeitet die FEDIL mit RTL T\u00e9l\u00e9 L\u00ebtzebuerg zusammen, um die Sendung \u201eEis Industrie &#8211; meng Zukunft\u201c zu produzieren. [&hellip;]<\/p>\n","protected":false},"author":2,"featured_media":0,"parent":0,"menu_order":0,"comment_status":"closed","ping_status":"closed","template":"","meta":{"_acf_changed":false,"footnotes":""},"class_list":["post-13952","page","type-page","status-publish","hentry"],"acf":[],"_links":{"self":[{"href":"https:\/\/hellofuture.lu\/de\/wp-json\/wp\/v2\/pages\/13952","targetHints":{"allow":["GET"]}}],"collection":[{"href":"https:\/\/hellofuture.lu\/de\/wp-json\/wp\/v2\/pages"}],"about":[{"href":"https:\/\/hellofuture.lu\/de\/wp-json\/wp\/v2\/types\/page"}],"author":[{"embeddable":true,"href":"https:\/\/hellofuture.lu\/de\/wp-json\/wp\/v2\/users\/2"}],"replies":[{"embeddable":true,"href":"https:\/\/hellofuture.lu\/de\/wp-json\/wp\/v2\/comments?post=13952"}],"version-history":[{"count":2,"href":"https:\/\/hellofuture.lu\/de\/wp-json\/wp\/v2\/pages\/13952\/revisions"}],"predecessor-version":[{"id":13955,"href":"https:\/\/hellofuture.lu\/de\/wp-json\/wp\/v2\/pages\/13952\/revisions\/13955"}],"wp:attachment":[{"href":"https:\/\/hellofuture.lu\/de\/wp-json\/wp\/v2\/media?parent=13952"}],"curies":[{"name":"wp","href":"https:\/\/api.w.org\/{rel}","templated":true}]}}